{"id":5709,"date":"2024-11-05T02:06:28","date_gmt":"2024-11-05T00:06:28","guid":{"rendered":"https:\/\/wienerautocentar.ba\/?page_id=5709"},"modified":"2024-11-05T02:25:00","modified_gmt":"2024-11-05T00:25:00","slug":"sertifikacija","status":"publish","type":"page","link":"https:\/\/wienerautocentar.ba\/index.php\/sertifikacija\/","title":{"rendered":"SERTIFIKACIJA VOZILA"},"content":{"rendered":"\t\t<div data-elementor-type=\"wp-page\" data-elementor-id=\"5709\" class=\"elementor elementor-5709\">\n\t\t\t\t<div class=\"elementor-element elementor-element-6804074 e-flex e-con-boxed e-con e-parent\" data-id=\"6804074\" data-element_type=\"container\">\n\t\t\t\t\t<div class=\"e-con-inner\">\n\t\t<div class=\"elementor-element elementor-element-cfae29c e-con-full e-flex e-con e-child\" data-id=\"cfae29c\" data-element_type=\"container\">\n\t\t\r\n\t\t<div class=\"elementor-element elementor-element-a4afeb5 elementor-widget elementor-widget-malensectiontitle\" data-id=\"a4afeb5\" data-element_type=\"widget\" data-widget_type=\"malensectiontitle.default\">\n\t\t\t\t<div class=\"elementor-widget-container\">\n\t\t\t\t\t<div class=\"title-area text-left\">\r\n\t\t\t\r\n\t\t\t<span class=\"sub-title th-sub\">WIENER AUTO CENTAR<span class=\"double-line\"><\/span><\/span><h2 class=\"sec-title th-title\">Sertifikacija  vozila<\/h2>\t\t<\/div>\r\n\r\n\t\t\t<\/div>\n\t\t\t\t<\/div>\n\t\t\t\t<\/div>\n\t\t<div class=\"elementor-element elementor-element-94bc1ae e-con-full e-flex e-con e-child\" data-id=\"94bc1ae\" data-element_type=\"container\">\n\t\t\t\t<div class=\"elementor-element elementor-element-866799d elementor-widget elementor-widget-image\" data-id=\"866799d\" data-element_type=\"widget\" data-widget_type=\"image.default\">\n\t\t\t\t<div class=\"elementor-widget-container\">\n\t\t\t<style>\/*! elementor - v3.23.0 - 25-07-2024 *\/\n.elementor-widget-image{text-align:center}.elementor-widget-image a{display:inline-block}.elementor-widget-image a img[src$=\".svg\"]{width:48px}.elementor-widget-image img{vertical-align:middle;display:inline-block}<\/style>\t\t\t\t\t\t\t\t\t\t<img fetchpriority=\"high\" decoding=\"async\" width=\"246\" height=\"470\" src=\"https:\/\/wienerautocentar.ba\/wp-content\/uploads\/2023\/09\/body_image_2-1.png\" class=\"attachment-medium_large size-medium_large wp-image-3139\" alt=\"\" srcset=\"https:\/\/wienerautocentar.ba\/wp-content\/uploads\/2023\/09\/body_image_2-1.png 246w, https:\/\/wienerautocentar.ba\/wp-content\/uploads\/2023\/09\/body_image_2-1-157x300.png 157w\" sizes=\"(max-width: 246px) 100vw, 246px\" \/>\t\t\t\t\t\t\t\t\t\t\t\t\t<\/div>\n\t\t\t\t<\/div>\n\t\t\t\t<\/div>\n\t\t<div class=\"elementor-element elementor-element-bcb1ec0 e-con-full e-flex e-con e-child\" data-id=\"bcb1ec0\" data-element_type=\"container\">\n\t\t\t\t<div class=\"elementor-element elementor-element-edfdec0 elementor-widget__width-initial elementor-widget elementor-widget-text-editor\" data-id=\"edfdec0\" data-element_type=\"widget\" data-widget_type=\"text-editor.default\">\n\t\t\t\t<div class=\"elementor-widget-container\">\n\t\t\t<style>\/*! elementor - v3.23.0 - 25-07-2024 *\/\n.elementor-widget-text-editor.elementor-drop-cap-view-stacked .elementor-drop-cap{background-color:#69727d;color:#fff}.elementor-widget-text-editor.elementor-drop-cap-view-framed .elementor-drop-cap{color:#69727d;border:3px solid;background-color:transparent}.elementor-widget-text-editor:not(.elementor-drop-cap-view-default) .elementor-drop-cap{margin-top:8px}.elementor-widget-text-editor:not(.elementor-drop-cap-view-default) .elementor-drop-cap-letter{width:1em;height:1em}.elementor-widget-text-editor .elementor-drop-cap{float:left;text-align:center;line-height:1;font-size:50px}.elementor-widget-text-editor .elementor-drop-cap-letter{display:inline-block}<\/style>\t\t\t\t<p>Atestiranje, tj. sertifikaciju vozila, potrebno je provesti nad:<\/p><p style=\"padding-left: 40px;\">&#8211; vozilima koja se proizvode pojedina\u010dno ili u maloj seriji<\/p><p style=\"padding-left: 40px;\">&#8211; vozilima na kojima se obavlja zamjena serijskog dijela, sklopa ili ure\u0111aja na serijskom dijelu<\/p><p style=\"padding-left: 40px;\">&#8211; vozilima gdje se vr\u0161i pregradnja vozila ugradnjom sklopa ili ure\u0111aja (npr. ugradnja dodatnog pogona motora na gas, itd.)<\/p><p style=\"padding-left: 40px;\">&#8211; vozilima za koja nisu poznati tehni\u010dki podaci potrebni za tehni\u010dki pregled i registraciju vozila<\/p><p style=\"padding-left: 40px;\">&#8211; vozilima gdje su sklopovi i ure\u0111aji koji su namijenjeni za ugradnju u vozila, a bitni su za sigurnost i ekolo\u0161ku prihvatljivost vozila u saobra\u0107aju na putevima (npr. nakon te\u017eih saobra\u0107ajnih nezgoda ili op\u0161teg unaprje\u0111enja vozila).<\/p><p>Pregled i ispitivanje vozila i dijelova tih vozila koji su bitni za sigurnost saobra\u0107aja na putevima se obavlja putem ovla\u0161tenih ispitnih tijela raspore\u0111enih na cijeloj teritoriji Bosne i Hercegovine.<\/p><p>U postupku ispitivanja vozila provjerava se jesu li konstrukcijske i tehni\u010dke osobine vozila i njihovih dijelova, sklopova i ure\u0111aja u skladu s propisima i normama, odnosno jesu li oni ispravno ugra\u0111eni u vozilo. Ispitivanje se sastoji od pregleda vozila, dijelova, sklopova i ure\u0111aja, snimanja tehni\u010dkog stanja vozila, pojedinih sklopova i ure\u0111aja, pregleda pripadaju\u0107e dokumentacije vozila i vlasnika vozila, stru\u010dne obrade rezultata utvr\u0111enih ispitivanjem i dono\u0161enja kona\u010dne ocjene te izdavanja Potvrde o ispitivanju vozila, tzv. atesta.<\/p><p>Kod ispitivanja prepravki nad serijski proizvedenim vozilima, prepravka mora biti izvr\u0161ena tako da se vozilo ne dovede u sigurnosno ili ekolo\u0161ki lo\u0161ije stanje od serijski proizvedenog vozila.<\/p><p>Nakon provedenog ispitivanja vozila i pozitivnog rezultata izdaje se Potvrda o ispitivanju vozila, tzv. atest za vozilo u tri primjerka, jedan primjerak za podnosioca zahtjeva, jedan za potrebe MUP-a prilikom registracije vozila i jedan za arhivu ispitnog tijela. Potvrda o ispitivanju vozila je dokument koji vrijedi do promjene tehni\u010dkog stanja vozila, a u arhivi se \u010duva trajno. Ako se u postupku ispitivanja vozila utvrdi da nisu ispunjeni propisani uslovi, izdaje se Potvrda o ispitivanju s naznakom POTVRDA O NEUSKLA\u0110ENOSTI VOZILA.<\/p>\t\t\t\t\t\t<\/div>\n\t\t\t\t<\/div>\n\t\t\t\t<\/div>\n\t\t\t\t\t<\/div>\n\t\t\t\t<\/div>\n\t\t\t\t<\/div>\n\t\t","protected":false},"excerpt":{"rendered":"<p>WIENER AUTO CENTAR Sertifikacija vozila Atestiranje, tj. sertifikaciju vozila, potrebno je provesti nad: &#8211; vozilima koja se proizvode pojedina\u010dno ili u maloj seriji &#8211; vozilima na kojima se obavlja zamjena serijskog dijela, sklopa ili ure\u0111aja na serijskom dijelu &#8211; vozilima gdje se vr\u0161i pregradnja vozila ugradnjom sklopa ili ure\u0111aja (npr. ugradnja dodatnog pogona motora na&#8230;<\/p>\n","protected":false},"author":2,"featured_media":0,"parent":0,"menu_order":0,"comment_status":"closed","ping_status":"closed","template":"","meta":{"footnotes":""},"class_list":["post-5709","page","type-page","status-publish","hentry"],"_links":{"self":[{"href":"https:\/\/wienerautocentar.ba\/index.php\/wp-json\/wp\/v2\/pages\/5709","targetHints":{"allow":["GET"]}}],"collection":[{"href":"https:\/\/wienerautocentar.ba\/index.php\/wp-json\/wp\/v2\/pages"}],"about":[{"href":"https:\/\/wienerautocentar.ba\/index.php\/wp-json\/wp\/v2\/types\/page"}],"author":[{"embeddable":true,"href":"https:\/\/wienerautocentar.ba\/index.php\/wp-json\/wp\/v2\/users\/2"}],"replies":[{"embeddable":true,"href":"https:\/\/wienerautocentar.ba\/index.php\/wp-json\/wp\/v2\/comments?post=5709"}],"version-history":[{"count":16,"href":"https:\/\/wienerautocentar.ba\/index.php\/wp-json\/wp\/v2\/pages\/5709\/revisions"}],"predecessor-version":[{"id":5726,"href":"https:\/\/wienerautocentar.ba\/index.php\/wp-json\/wp\/v2\/pages\/5709\/revisions\/5726"}],"wp:attachment":[{"href":"https:\/\/wienerautocentar.ba\/index.php\/wp-json\/wp\/v2\/media?parent=5709"}],"curies":[{"name":"wp","href":"https:\/\/api.w.org\/{rel}","templated":true}]}}