{"id":5734,"date":"2024-11-05T02:30:15","date_gmt":"2024-11-05T00:30:15","guid":{"rendered":"https:\/\/wienerautocentar.ba\/?page_id=5734"},"modified":"2024-11-05T02:31:24","modified_gmt":"2024-11-05T00:31:24","slug":"homologacija","status":"publish","type":"page","link":"https:\/\/wienerautocentar.ba\/index.php\/homologacija\/","title":{"rendered":"HOMOLOGACIJA VOZILA"},"content":{"rendered":"\t\t<div data-elementor-type=\"wp-page\" data-elementor-id=\"5734\" class=\"elementor elementor-5734\">\n\t\t\t\t<div class=\"elementor-element elementor-element-6804074 e-flex e-con-boxed e-con e-parent\" data-id=\"6804074\" data-element_type=\"container\">\n\t\t\t\t\t<div class=\"e-con-inner\">\n\t\t<div class=\"elementor-element elementor-element-cfae29c e-con-full e-flex e-con e-child\" data-id=\"cfae29c\" data-element_type=\"container\">\n\t\t\r\n\t\t<div class=\"elementor-element elementor-element-a4afeb5 elementor-widget elementor-widget-malensectiontitle\" data-id=\"a4afeb5\" data-element_type=\"widget\" data-widget_type=\"malensectiontitle.default\">\n\t\t\t\t<div class=\"elementor-widget-container\">\n\t\t\t\t\t<div class=\"title-area text-left\">\r\n\t\t\t\r\n\t\t\t<span class=\"sub-title th-sub\">WIENER AUTO CENTAR<span class=\"double-line\"><\/span><\/span><h2 class=\"sec-title th-title\">HOMOLOGACIJA VOZILA<\/h2>\t\t<\/div>\r\n\r\n\t\t\t<\/div>\n\t\t\t\t<\/div>\n\t\t\t\t<\/div>\n\t\t<div class=\"elementor-element elementor-element-94bc1ae e-con-full e-flex e-con e-child\" data-id=\"94bc1ae\" data-element_type=\"container\">\n\t\t\t\t<div class=\"elementor-element elementor-element-866799d elementor-widget elementor-widget-image\" data-id=\"866799d\" data-element_type=\"widget\" data-widget_type=\"image.default\">\n\t\t\t\t<div class=\"elementor-widget-container\">\n\t\t\t<style>\/*! elementor - v3.23.0 - 25-07-2024 *\/\n.elementor-widget-image{text-align:center}.elementor-widget-image a{display:inline-block}.elementor-widget-image a img[src$=\".svg\"]{width:48px}.elementor-widget-image img{vertical-align:middle;display:inline-block}<\/style>\t\t\t\t\t\t\t\t\t\t<img fetchpriority=\"high\" decoding=\"async\" width=\"386\" height=\"500\" src=\"https:\/\/wienerautocentar.ba\/wp-content\/uploads\/2023\/09\/project_2_5-1.jpg\" class=\"attachment-medium_large size-medium_large wp-image-3617\" alt=\"\" srcset=\"https:\/\/wienerautocentar.ba\/wp-content\/uploads\/2023\/09\/project_2_5-1.jpg 386w, https:\/\/wienerautocentar.ba\/wp-content\/uploads\/2023\/09\/project_2_5-1-232x300.jpg 232w\" sizes=\"(max-width: 386px) 100vw, 386px\" \/>\t\t\t\t\t\t\t\t\t\t\t\t\t<\/div>\n\t\t\t\t<\/div>\n\t\t\t\t<\/div>\n\t\t<div class=\"elementor-element elementor-element-bcb1ec0 e-con-full e-flex e-con e-child\" data-id=\"bcb1ec0\" data-element_type=\"container\">\n\t\t\t\t<div class=\"elementor-element elementor-element-edfdec0 elementor-widget__width-initial elementor-widget elementor-widget-text-editor\" data-id=\"edfdec0\" data-element_type=\"widget\" data-widget_type=\"text-editor.default\">\n\t\t\t\t<div class=\"elementor-widget-container\">\n\t\t\t<style>\/*! elementor - v3.23.0 - 25-07-2024 *\/\n.elementor-widget-text-editor.elementor-drop-cap-view-stacked .elementor-drop-cap{background-color:#69727d;color:#fff}.elementor-widget-text-editor.elementor-drop-cap-view-framed .elementor-drop-cap{color:#69727d;border:3px solid;background-color:transparent}.elementor-widget-text-editor:not(.elementor-drop-cap-view-default) .elementor-drop-cap{margin-top:8px}.elementor-widget-text-editor:not(.elementor-drop-cap-view-default) .elementor-drop-cap-letter{width:1em;height:1em}.elementor-widget-text-editor .elementor-drop-cap{float:left;text-align:center;line-height:1;font-size:50px}.elementor-widget-text-editor .elementor-drop-cap-letter{display:inline-block}<\/style>\t\t\t\t<p style=\"font-weight: 400;\">Homologacija pojedina\u010dnog tipa vozila provodi se za nova i polovna vozila, koja dobavlja\u010d pojedina\u010dno uvozi radi prodaje ili za svoje potrebe. Svako vozilo, prije uvoznog carinjenja i njegova pripadaju\u0107a dokumentacija osim propisom izuzetih, podvrgava se homologacijskom pregledu.<\/p><p style=\"font-weight: 400;\">Za proizvo\u0111a\u010de motornih vozila, odnosno potvrda o njihovoj usugla\u0161enosti sa propisima i standardima u zemlji gde se uvoze su od klju\u010dnog zna\u010daja. Da bi proizvo\u0111a\u010d ili uvoznik vozila ili dijelova i opreme vozila mogao da plasira proizvod na tr\u017ei\u0161tu neke zemlje u kojoj vrijede EU direktive ili ECE pravilnici neophodno je da za taj proizvod provede postupak homologacije. Da bi proizvo\u0111a\u010d ili uvoznik vozila ili dijelova i opreme vozila mogao da plasira proizvod na tr\u017ei\u0161tu neke zemlje u kojoj vrijede EU direktive, ECE pravilnici, neophodno je za taj proizvod da provede postupak homologacije.<\/p><p style=\"font-weight: 400;\">Pri homologaciji vozila (uklju\u010duju\u0107i i rezervne dijelove), ispituju se i potvr\u0111uju ure\u0111aji bitni za sigurnost vozila u cjelini, kao i ure\u0111aji od kojih zavisi ekolo\u0161ki kvalitet vozila. Homologacija motornih vozila (uklju\u010duju\u0107i i rezervne dijelove), predstavlja postupak ocjenjivanja stanja, odnosno utr\u0111ivanja da li odre\u0111eno vozilo u cjelini ili neki njegov dio ili oprema, odgovaraju zahtjevima propisanim EU direktivama ili ECE pravilnicima. Kao takvi se smatraju ure\u0111aji bitni za aktivnu sigurnost vozila (ko\u010dnice, upravlja\u010dki mehanizam, svjetla, signalni ure\u0111aju, pneumatici i sl.), za pasivnu sigurnost vozila (sigurnosni pojasevi, sjedi\u0161ta za djecu, unutarnja oprema, protivpo\u017earna za\u0161tita i sl.), za op\u0107u sigurnost vozila (za\u0161tita od neovla\u0161tene uporabe i sl.) i za ekolo\u0161ki kvalitet vozila (toksi\u010dna ispu\u0161na emisija, buka, radiofrekvencijske smetnje i sl.)<\/p>\t\t\t\t\t\t<\/div>\n\t\t\t\t<\/div>\n\t\t\t\t<\/div>\n\t\t\t\t\t<\/div>\n\t\t\t\t<\/div>\n\t\t\t\t<\/div>\n\t\t","protected":false},"excerpt":{"rendered":"<p>WIENER AUTO CENTAR HOMOLOGACIJA VOZILA Homologacija pojedina\u010dnog tipa vozila provodi se za nova i polovna vozila, koja dobavlja\u010d pojedina\u010dno uvozi radi prodaje ili za svoje potrebe. Svako vozilo, prije uvoznog carinjenja i njegova pripadaju\u0107a dokumentacija osim propisom izuzetih, podvrgava se homologacijskom pregledu. Za proizvo\u0111a\u010de motornih vozila, odnosno potvrda o njihovoj usugla\u0161enosti sa propisima i standardima&#8230;<\/p>\n","protected":false},"author":2,"featured_media":0,"parent":0,"menu_order":0,"comment_status":"closed","ping_status":"closed","template":"","meta":{"footnotes":""},"class_list":["post-5734","page","type-page","status-publish","hentry"],"_links":{"self":[{"href":"https:\/\/wienerautocentar.ba\/index.php\/wp-json\/wp\/v2\/pages\/5734","targetHints":{"allow":["GET"]}}],"collection":[{"href":"https:\/\/wienerautocentar.ba\/index.php\/wp-json\/wp\/v2\/pages"}],"about":[{"href":"https:\/\/wienerautocentar.ba\/index.php\/wp-json\/wp\/v2\/types\/page"}],"author":[{"embeddable":true,"href":"https:\/\/wienerautocentar.ba\/index.php\/wp-json\/wp\/v2\/users\/2"}],"replies":[{"embeddable":true,"href":"https:\/\/wienerautocentar.ba\/index.php\/wp-json\/wp\/v2\/comments?post=5734"}],"version-history":[{"count":4,"href":"https:\/\/wienerautocentar.ba\/index.php\/wp-json\/wp\/v2\/pages\/5734\/revisions"}],"predecessor-version":[{"id":5738,"href":"https:\/\/wienerautocentar.ba\/index.php\/wp-json\/wp\/v2\/pages\/5734\/revisions\/5738"}],"wp:attachment":[{"href":"https:\/\/wienerautocentar.ba\/index.php\/wp-json\/wp\/v2\/media?parent=5734"}],"curies":[{"name":"wp","href":"https:\/\/api.w.org\/{rel}","templated":true}]}}