{"id":5758,"date":"2024-11-05T02:51:24","date_gmt":"2024-11-05T00:51:24","guid":{"rendered":"https:\/\/wienerautocentar.ba\/?page_id=5758"},"modified":"2024-11-05T02:53:45","modified_gmt":"2024-11-05T00:53:45","slug":"usluge","status":"publish","type":"page","link":"https:\/\/wienerautocentar.ba\/index.php\/usluge\/","title":{"rendered":"USLUGE"},"content":{"rendered":"\t\t<div data-elementor-type=\"wp-page\" data-elementor-id=\"5758\" class=\"elementor elementor-5758\">\n\t\t\t\t\t\t<section class=\"elementor-section elementor-top-section elementor-element elementor-element-7d932aac elementor-section-full_width elementor-section-height-default elementor-section-height-default\" data-id=\"7d932aac\" data-element_type=\"section\" data-settings=\"{&quot;background_background&quot;:&quot;classic&quot;}\">\n\t\t\t\t\t\t<div class=\"elementor-container elementor-column-gap-no\">\n\t\t\t\t\t<div class=\"elementor-column elementor-col-100 elementor-top-column elementor-element elementor-element-25cf30ab\" data-id=\"25cf30ab\" data-element_type=\"column\">\n\t\t\t<div class=\"elementor-widget-wrap elementor-element-populated\">\n\t\t\t\t\t\t<section class=\"elementor-section elementor-inner-section elementor-element elementor-element-4f67ed37 elementor-section-boxed elementor-section-height-default elementor-section-height-default\" data-id=\"4f67ed37\" data-element_type=\"section\">\n\t\t\t\t\t\t<div class=\"elementor-container elementor-column-gap-no\">\n\t\t\t\t\t<div class=\"elementor-column elementor-col-100 elementor-inner-column elementor-element elementor-element-3a0676d1\" data-id=\"3a0676d1\" data-element_type=\"column\">\n\t\t\t<div class=\"elementor-widget-wrap elementor-element-populated\">\n\t\t\t\t\r\n\t\t<div class=\"elementor-element elementor-element-75b08230 elementor-widget elementor-widget-mechonservice\" data-id=\"75b08230\" data-element_type=\"widget\" data-widget_type=\"mechonservice.default\">\n\t\t\t\t<div class=\"elementor-widget-container\">\n\t\t\t<div class=\"service_3\"><div class=\"row gy-30\"><div class=\"col-md-6 col-lg-4\"><div class=\"service-item-2\"><div class=\"service-item-2_img\"><img decoding=\"async\" src=\"https:\/\/themeholy.com\/wordpress\/malen\/wp-content\/uploads\/2023\/09\/service_3_6-1.jpg\" alt=\"service_3_6 1\"  \/><\/div><div class=\"service-item-2_content\"><h3 class=\"service-item-2_title\"><a href=\"https:\/\/wienerautocentar.ba\/index.php\/lokacije\/\">TEHNI\u010cKI PREGLED<\/a><\/h3><p class=\"service-item-2_text\">Tehni\u010dki pregled vozila je zakonska obaveza, koja \u0161titi Vas i sve ostale u\u010desnike u saobra\u0107aju.<\/p><a href=\"https:\/\/wienerautocentar.ba\/index.php\/lokacije\/\" class=\"th-btn\">PRO\u010cITAJTE VI\u0160E <i class=\"fas fa-arrow-right\"><\/i><\/a><\/div><\/div><\/div><div class=\"col-md-6 col-lg-4\"><div class=\"service-item-2\"><div class=\"service-item-2_img\"><img decoding=\"async\" src=\"https:\/\/wienerautocentar.ba\/wp-content\/uploads\/2024\/10\/registracija.jpg\" alt=\"registracija\"  \/><\/div><div class=\"service-item-2_content\"><h3 class=\"service-item-2_title\"><a href=\"https:\/\/wienerautocentar.ba\/index.php\/lokacije\/\">REGISTRACIJA <\/a><\/h3><p class=\"service-item-2_text\">Na svim stanicama za tehni\u010dki pregled vozila Wiener auto centra, klijentima pru\u017eamo kompletnu uslugu registracije.<\/p><a href=\"https:\/\/wienerautocentar.ba\/index.php\/lokacije\/\" class=\"th-btn\">PRO\u010cITAJTE VI\u0160E <i class=\"fas fa-arrow-right\"><\/i><\/a><\/div><\/div><\/div><div class=\"col-md-6 col-lg-4\"><div class=\"service-item-2\"><div class=\"service-item-2_img\"><img decoding=\"async\" src=\"https:\/\/themeholy.com\/wordpress\/malen\/wp-content\/uploads\/2023\/09\/service_3_1-1.jpg\" alt=\"service_3_1 1\"  \/><\/div><div class=\"service-item-2_content\"><h3 class=\"service-item-2_title\"><a href=\"https:\/\/wienerautocentar.ba\/index.php\/sertifikacija\/\">SERTIFIKACIJA VOZILA<\/a><\/h3><p class=\"service-item-2_text\">Motorna i priklju\u010dna vozila, u slu\u010daju ve\u0107ih izmjena klju\u010dnih dijelova, moraju pro\u0107i verifikaciju i sertifikaciju.<\/p><a href=\"https:\/\/wienerautocentar.ba\/index.php\/sertifikacija\/\" class=\"th-btn\">PRO\u010cITAJTE VI\u0160E <i class=\"fas fa-arrow-right\"><\/i><\/a><\/div><\/div><\/div><div class=\"col-md-6 col-lg-4\"><div class=\"service-item-2\"><div class=\"service-item-2_img\"><img decoding=\"async\" src=\"https:\/\/themeholy.com\/wordpress\/malen\/wp-content\/uploads\/2023\/09\/service_3_3-1.jpg\" alt=\"service_3_3 1\"  \/><\/div><div class=\"service-item-2_content\"><h3 class=\"service-item-2_title\"><a href=\"https:\/\/wienerautocentar.ba\/index.php\/homologacija\/\">HOMOLOGACIJA VOZILA <\/a><\/h3><p class=\"service-item-2_text\">Homologacija motornih vozila (uklju\u010duju\u0107i i rezervne dijelove), predstavlja postupak ocjenjivanja stanja, odnosno utr\u0111ivanja da li odre\u0111eno vozilo u cjelini ili neki njegov dio ili oprema, odgovaraju zahtjevima propisanim EU direktivama ili ECE pravilnicima.<\/p><a href=\"https:\/\/wienerautocentar.ba\/index.php\/homologacija\/\" class=\"th-btn\">PRO\u010cITAJTE VI\u0160E <i class=\"fas fa-arrow-right\"><\/i><\/a><\/div><\/div><\/div><div class=\"col-md-6 col-lg-4\"><div class=\"service-item-2\"><div class=\"service-item-2_img\"><img decoding=\"async\" src=\"https:\/\/themeholy.com\/wordpress\/malen\/wp-content\/uploads\/2023\/09\/service_3_5-1.jpg\" alt=\"service_3_5 1\"  \/><\/div><div class=\"service-item-2_content\"><h3 class=\"service-item-2_title\"><a href=\"https:\/\/www.wiener.ba\/\">ASISTENCIJA NA PUTU<\/a><\/h3><p class=\"service-item-2_text\">Asistencija na putu se realizuje u slu\u010daju kvara vozila u toku saobra\u0107anja, saobra\u0107ajne nezgode, o\u0161te\u0107enja ili uni\u0161tenja vozila. \nZa vi\u0161e informacija, obratite se najbli\u017eoj poslovnici Wiener osiguranja.<\/p><a href=\"https:\/\/www.wiener.ba\/\" class=\"th-btn\">WIENER OSIGURANJE <i class=\"fas fa-arrow-right\"><\/i><\/a><\/div><\/div><\/div><div class=\"col-md-6 col-lg-4\"><div class=\"service-item-2\"><div class=\"service-item-2_img\"><img decoding=\"async\" src=\"https:\/\/wienerautocentar.ba\/wp-content\/uploads\/2024\/06\/home-eha-stage-1800x1000-1.jpeg\" alt=\"home eha stage 1800x1000 1\"  \/><\/div><div class=\"service-item-2_content\"><h3 class=\"service-item-2_title\"><a href=\"https:\/\/www.wiener.ba\/\">ASISTENCIJA U KU\u0106I<\/a><\/h3><p class=\"service-item-2_text\">Ku\u0107na asistencija uklju\u010duje organizaciju hitne intervencije stru\u010dnog lica radi saniranja neispravnosti i \u0161teta koje nastanu u doma\u0107instvu korisnika asistencije. Za vi\u0161e informacija, obratite se najbli\u017eoj poslovnici Wiener osiguranja.<\/p><a href=\"https:\/\/www.wiener.ba\/\" class=\"th-btn\">WIENER OSIGURANJE <i class=\"fas fa-arrow-right\"><\/i><\/a><\/div><\/div><\/div><\/div><\/div>\t\t<\/div>\n\t\t\t\t<\/div>\n\t\t\t\t\t<\/div>\n\t\t<\/div>\n\t\t\t\t\t<\/div>\n\t\t<\/section>\n\t\t\t\t\t<\/div>\n\t\t<\/div>\n\t\t\t\t\t<\/div>\n\t\t<\/section>\n\t\t\t\t<\/div>\n\t\t","protected":false},"excerpt":{"rendered":"<p>TEHNI\u010cKI PREGLED Tehni\u010dki pregled vozila je zakonska obaveza, koja \u0161titi Vas i sve ostale u\u010desnike u saobra\u0107aju. PRO\u010cITAJTE VI\u0160E REGISTRACIJA Na svim stanicama za tehni\u010dki pregled vozila Wiener auto centra, klijentima pru\u017eamo kompletnu uslugu registracije. PRO\u010cITAJTE VI\u0160E SERTIFIKACIJA VOZILA Motorna i priklju\u010dna vozila, u slu\u010daju ve\u0107ih izmjena klju\u010dnih dijelova, moraju pro\u0107i verifikaciju i sertifikaciju. PRO\u010cITAJTE&#8230;<\/p>\n","protected":false},"author":2,"featured_media":0,"parent":0,"menu_order":0,"comment_status":"closed","ping_status":"closed","template":"template-builder.php","meta":{"footnotes":""},"class_list":["post-5758","page","type-page","status-publish","hentry"],"_links":{"self":[{"href":"https:\/\/wienerautocentar.ba\/index.php\/wp-json\/wp\/v2\/pages\/5758","targetHints":{"allow":["GET"]}}],"collection":[{"href":"https:\/\/wienerautocentar.ba\/index.php\/wp-json\/wp\/v2\/pages"}],"about":[{"href":"https:\/\/wienerautocentar.ba\/index.php\/wp-json\/wp\/v2\/types\/page"}],"author":[{"embeddable":true,"href":"https:\/\/wienerautocentar.ba\/index.php\/wp-json\/wp\/v2\/users\/2"}],"replies":[{"embeddable":true,"href":"https:\/\/wienerautocentar.ba\/index.php\/wp-json\/wp\/v2\/comments?post=5758"}],"version-history":[{"count":7,"href":"https:\/\/wienerautocentar.ba\/index.php\/wp-json\/wp\/v2\/pages\/5758\/revisions"}],"predecessor-version":[{"id":5765,"href":"https:\/\/wienerautocentar.ba\/index.php\/wp-json\/wp\/v2\/pages\/5758\/revisions\/5765"}],"wp:attachment":[{"href":"https:\/\/wienerautocentar.ba\/index.php\/wp-json\/wp\/v2\/media?parent=5758"}],"curies":[{"name":"wp","href":"https:\/\/api.w.org\/{rel}","templated":true}]}}